{"id":2512,"date":"2021-02-18T20:33:01","date_gmt":"2021-02-18T18:33:01","guid":{"rendered":"https:\/\/bpc.lu\/blog\/"},"modified":"2025-09-03T19:29:00","modified_gmt":"2025-09-03T17:29:00","slug":"blog","status":"publish","type":"page","link":"https:\/\/bpc.lu\/fr\/blog\/","title":{"rendered":"Blog"},"content":{"rendered":"<div class=\"wpb-content-wrapper\"><div class=\"l-subsection\"><div class=\"l-subsection-h g-html i-cf\">[vc_row full_width=\u00a0\u00bbstretch_row_content\u00a0\u00bb][vc_column width=\u00a0\u00bb1\/4&Prime;][vc_single_image image=\u00a0\u00bb2486&Prime; img_size=\u00a0\u00bbmedium\u00a0\u00bb][\/vc_column][vc_column width=\u00a0\u00bb3\/4&Prime;][vc_column_text]\n<h1><strong>Marketing by Numbers<\/strong><\/h1>\n[\/vc_column_text][vc_column_text]#MarketingbyNumbers donne du sens aux mots \u00e0 la mode dans les domaines de la strat\u00e9gie, du marketing, des ventes et du d\u00e9veloppement commercial[\/vc_column_text][\/vc_column][\/vc_row][vc_row][vc_column width=\u00a0\u00bb5\/6&Prime;][vc_masonry_grid post_type=\u00a0\u00bbpost\u00a0\u00bb max_items=\u00a0\u00bb10&Prime; style=\u00a0\u00bblazy\u00a0\u00bb element_width=\u00a0\u00bb6&Prime; css=\u00a0\u00bb\u00a0\u00bb grid_id=\u00a0\u00bbvc_gid:1756920231799-371fb4ab-c3c1-5&Prime;][\/vc_column][vc_column width=\u00a0\u00bb1\/6&Prime;][vc_wp_tagcloud taxonomy=\u00a0\u00bbpost_tag\u00a0\u00bb][\/vc_column][\/vc_row][vc_row][vc_column][vc_cta h2=\u00a0\u00bbQuestions? Prenez contact avec nous\u00a0\u00bb add_button=\u00a0\u00bbright\u00a0\u00bb btn_title=\u00a0\u00bbCONTACT\u00a0\u00bb btn_color=\u00a0\u00bbprimary\u00a0\u00bb btn_size=\u00a0\u00bblg\u00a0\u00bb btn_link=\u00a0\u00bburl:https%3A%2F%2Fbpc.lu%2Ffr%2Fus_main_page_section%2Fcontact%2F|title:Contact|\u00a0\u00bb]Que vous ayez des questions sur ces sujets, que vous ayez besoin d&rsquo;un avis d&rsquo;expert sur un autre sujet ou simplement d&rsquo;un sparring-partner pour discuter d&rsquo;id\u00e9es, nous sommes heureux d&rsquo;entamer une conversation.[\/vc_cta][\/vc_column][\/vc_row]\n<\/div><\/div><\/div>","protected":false},"excerpt":{"rendered":"<p>[vc_row full_width=\u00a0\u00bbstretch_row_content\u00a0\u00bb][vc_column width=\u00a0\u00bb1\/4&Prime;][vc_single_image image=\u00a0\u00bb2486&Prime; img_size=\u00a0\u00bbmedium\u00a0\u00bb][\/vc_column][vc_column width=\u00a0\u00bb3\/4&Prime;][vc_column_text] Marketing by Numbers [\/vc_column_text][vc_column_text]#MarketingbyNumbers donne du sens aux mots \u00e0 la mode dans les domaines de&hellip;<\/p>\n","protected":false},"author":3,"featured_media":2486,"parent":0,"menu_order":0,"comment_status":"closed","ping_status":"closed","template":"","meta":{"footnotes":""},"class_list":["post-2512","page","type-page","status-publish","has-post-thumbnail","hentry"],"yoast_head":"<!-- This site is optimized with the Yoast SEO plugin v27.4 - https:\/\/yoast.com\/product\/yoast-seo-wordpress\/ -->\n<title>Blog - Business Pilotage Consulting<\/title>\n<meta name=\"robots\" content=\"index, follow, max-snippet:-1, max-image-preview:large, max-video-preview:-1\" \/>\n<link rel=\"canonical\" href=\"https:\/\/bpc.lu\/fr\/blog\/\" \/>\n<meta property=\"og:locale\" content=\"fr_FR\" \/>\n<meta property=\"og:type\" content=\"article\" \/>\n<meta property=\"og:title\" content=\"Blog - Business Pilotage Consulting\" \/>\n<meta property=\"og:description\" content=\"[vc_row full_width=\u00a0\u00bbstretch_row_content\u00a0\u00bb][vc_column width=\u00a0\u00bb1\/4&Prime;][vc_single_image image=\u00a0\u00bb2486&Prime; img_size=\u00a0\u00bbmedium\u00a0\u00bb][\/vc_column][vc_column width=\u00a0\u00bb3\/4&Prime;][vc_column_text] Marketing by Numbers [\/vc_column_text][vc_column_text]#MarketingbyNumbers donne du sens aux mots \u00e0 la mode dans les domaines de&hellip;\" \/>\n<meta property=\"og:url\" content=\"https:\/\/bpc.lu\/fr\/blog\/\" \/>\n<meta property=\"og:site_name\" content=\"Business Pilotage Consulting\" \/>\n<meta property=\"article:modified_time\" content=\"2025-09-03T17:29:00+00:00\" \/>\n<meta property=\"og:image\" content=\"https:\/\/bpc.lu\/wp-content\/uploads\/2021\/02\/wordcloud-Marketing_bpc_s.jpg\" \/>\n\t<meta property=\"og:image:width\" content=\"410\" \/>\n\t<meta property=\"og:image:height\" content=\"307\" \/>\n\t<meta property=\"og:image:type\" content=\"image\/jpeg\" \/>\n<meta name=\"twitter:card\" content=\"summary_large_image\" \/>\n<meta name=\"twitter:label1\" content=\"Dur\u00e9e de lecture estim\u00e9e\" \/>\n\t<meta name=\"twitter:data1\" content=\"1 minute\" \/>\n<script type=\"application\/ld+json\" class=\"yoast-schema-graph\">{\"@context\":\"https:\\\/\\\/schema.org\",\"@graph\":[{\"@type\":\"WebPage\",\"@id\":\"https:\\\/\\\/bpc.lu\\\/fr\\\/blog\\\/\",\"url\":\"https:\\\/\\\/bpc.lu\\\/fr\\\/blog\\\/\",\"name\":\"Blog - Business Pilotage Consulting\",\"isPartOf\":{\"@id\":\"https:\\\/\\\/bpc.lu\\\/fr\\\/#website\"},\"primaryImageOfPage\":{\"@id\":\"https:\\\/\\\/bpc.lu\\\/fr\\\/blog\\\/#primaryimage\"},\"image\":{\"@id\":\"https:\\\/\\\/bpc.lu\\\/fr\\\/blog\\\/#primaryimage\"},\"thumbnailUrl\":\"https:\\\/\\\/bpc.lu\\\/wp-content\\\/uploads\\\/2021\\\/02\\\/wordcloud-Marketing_bpc_s.jpg\",\"datePublished\":\"2021-02-18T18:33:01+00:00\",\"dateModified\":\"2025-09-03T17:29:00+00:00\",\"breadcrumb\":{\"@id\":\"https:\\\/\\\/bpc.lu\\\/fr\\\/blog\\\/#breadcrumb\"},\"inLanguage\":\"fr-FR\",\"potentialAction\":[{\"@type\":\"ReadAction\",\"target\":[\"https:\\\/\\\/bpc.lu\\\/fr\\\/blog\\\/\"]}]},{\"@type\":\"ImageObject\",\"inLanguage\":\"fr-FR\",\"@id\":\"https:\\\/\\\/bpc.lu\\\/fr\\\/blog\\\/#primaryimage\",\"url\":\"https:\\\/\\\/bpc.lu\\\/wp-content\\\/uploads\\\/2021\\\/02\\\/wordcloud-Marketing_bpc_s.jpg\",\"contentUrl\":\"https:\\\/\\\/bpc.lu\\\/wp-content\\\/uploads\\\/2021\\\/02\\\/wordcloud-Marketing_bpc_s.jpg\",\"width\":410,\"height\":307,\"caption\":\"#MarketingbyNumbers\"},{\"@type\":\"BreadcrumbList\",\"@id\":\"https:\\\/\\\/bpc.lu\\\/fr\\\/blog\\\/#breadcrumb\",\"itemListElement\":[{\"@type\":\"ListItem\",\"position\":1,\"name\":\"Home\",\"item\":\"https:\\\/\\\/bpc.lu\\\/fr\\\/\"},{\"@type\":\"ListItem\",\"position\":2,\"name\":\"Blog\"}]},{\"@type\":\"WebSite\",\"@id\":\"https:\\\/\\\/bpc.lu\\\/fr\\\/#website\",\"url\":\"https:\\\/\\\/bpc.lu\\\/fr\\\/\",\"name\":\"Business Pilotage Consulting\",\"description\":\"Marketing Management as a Service\",\"publisher\":{\"@id\":\"https:\\\/\\\/bpc.lu\\\/fr\\\/#organization\"},\"alternateName\":\"BPC\",\"potentialAction\":[{\"@type\":\"SearchAction\",\"target\":{\"@type\":\"EntryPoint\",\"urlTemplate\":\"https:\\\/\\\/bpc.lu\\\/fr\\\/?s={search_term_string}\"},\"query-input\":{\"@type\":\"PropertyValueSpecification\",\"valueRequired\":true,\"valueName\":\"search_term_string\"}}],\"inLanguage\":\"fr-FR\"},{\"@type\":\"Organization\",\"@id\":\"https:\\\/\\\/bpc.lu\\\/fr\\\/#organization\",\"name\":\"Business Pilotage Consulting S\u00e0rl\",\"alternateName\":\"BPC S\u00e0rl\",\"url\":\"https:\\\/\\\/bpc.lu\\\/fr\\\/\",\"logo\":{\"@type\":\"ImageObject\",\"inLanguage\":\"fr-FR\",\"@id\":\"https:\\\/\\\/bpc.lu\\\/fr\\\/#\\\/schema\\\/logo\\\/image\\\/\",\"url\":\"https:\\\/\\\/bpc.lu\\\/wp-content\\\/uploads\\\/2016\\\/04\\\/BPCLogo_Standard.jpg\",\"contentUrl\":\"https:\\\/\\\/bpc.lu\\\/wp-content\\\/uploads\\\/2016\\\/04\\\/BPCLogo_Standard.jpg\",\"width\":705,\"height\":285,\"caption\":\"Business Pilotage Consulting S\u00e0rl\"},\"image\":{\"@id\":\"https:\\\/\\\/bpc.lu\\\/fr\\\/#\\\/schema\\\/logo\\\/image\\\/\"},\"sameAs\":[\"https:\\\/\\\/www.linkedin.com\\\/company\\\/business-pilotage-consulting-sarl\\\/\"]}]}<\/script>\n<!-- \/ Yoast SEO plugin. -->","yoast_head_json":{"title":"Blog - Business Pilotage Consulting","robots":{"index":"index","follow":"follow","max-snippet":"max-snippet:-1","max-image-preview":"max-image-preview:large","max-video-preview":"max-video-preview:-1"},"canonical":"https:\/\/bpc.lu\/fr\/blog\/","og_locale":"fr_FR","og_type":"article","og_title":"Blog - Business Pilotage Consulting","og_description":"[vc_row full_width=\u00a0\u00bbstretch_row_content\u00a0\u00bb][vc_column width=\u00a0\u00bb1\/4&Prime;][vc_single_image image=\u00a0\u00bb2486&Prime; img_size=\u00a0\u00bbmedium\u00a0\u00bb][\/vc_column][vc_column width=\u00a0\u00bb3\/4&Prime;][vc_column_text] Marketing by Numbers [\/vc_column_text][vc_column_text]#MarketingbyNumbers donne du sens aux mots \u00e0 la mode dans les domaines de&hellip;","og_url":"https:\/\/bpc.lu\/fr\/blog\/","og_site_name":"Business Pilotage Consulting","article_modified_time":"2025-09-03T17:29:00+00:00","og_image":[{"width":410,"height":307,"url":"https:\/\/bpc.lu\/wp-content\/uploads\/2021\/02\/wordcloud-Marketing_bpc_s.jpg","type":"image\/jpeg"}],"twitter_card":"summary_large_image","twitter_misc":{"Dur\u00e9e de lecture estim\u00e9e":"1 minute"},"schema":{"@context":"https:\/\/schema.org","@graph":[{"@type":"WebPage","@id":"https:\/\/bpc.lu\/fr\/blog\/","url":"https:\/\/bpc.lu\/fr\/blog\/","name":"Blog - Business Pilotage Consulting","isPartOf":{"@id":"https:\/\/bpc.lu\/fr\/#website"},"primaryImageOfPage":{"@id":"https:\/\/bpc.lu\/fr\/blog\/#primaryimage"},"image":{"@id":"https:\/\/bpc.lu\/fr\/blog\/#primaryimage"},"thumbnailUrl":"https:\/\/bpc.lu\/wp-content\/uploads\/2021\/02\/wordcloud-Marketing_bpc_s.jpg","datePublished":"2021-02-18T18:33:01+00:00","dateModified":"2025-09-03T17:29:00+00:00","breadcrumb":{"@id":"https:\/\/bpc.lu\/fr\/blog\/#breadcrumb"},"inLanguage":"fr-FR","potentialAction":[{"@type":"ReadAction","target":["https:\/\/bpc.lu\/fr\/blog\/"]}]},{"@type":"ImageObject","inLanguage":"fr-FR","@id":"https:\/\/bpc.lu\/fr\/blog\/#primaryimage","url":"https:\/\/bpc.lu\/wp-content\/uploads\/2021\/02\/wordcloud-Marketing_bpc_s.jpg","contentUrl":"https:\/\/bpc.lu\/wp-content\/uploads\/2021\/02\/wordcloud-Marketing_bpc_s.jpg","width":410,"height":307,"caption":"#MarketingbyNumbers"},{"@type":"BreadcrumbList","@id":"https:\/\/bpc.lu\/fr\/blog\/#breadcrumb","itemListElement":[{"@type":"ListItem","position":1,"name":"Home","item":"https:\/\/bpc.lu\/fr\/"},{"@type":"ListItem","position":2,"name":"Blog"}]},{"@type":"WebSite","@id":"https:\/\/bpc.lu\/fr\/#website","url":"https:\/\/bpc.lu\/fr\/","name":"Business Pilotage Consulting","description":"Marketing Management as a Service","publisher":{"@id":"https:\/\/bpc.lu\/fr\/#organization"},"alternateName":"BPC","potentialAction":[{"@type":"SearchAction","target":{"@type":"EntryPoint","urlTemplate":"https:\/\/bpc.lu\/fr\/?s={search_term_string}"},"query-input":{"@type":"PropertyValueSpecification","valueRequired":true,"valueName":"search_term_string"}}],"inLanguage":"fr-FR"},{"@type":"Organization","@id":"https:\/\/bpc.lu\/fr\/#organization","name":"Business Pilotage Consulting S\u00e0rl","alternateName":"BPC S\u00e0rl","url":"https:\/\/bpc.lu\/fr\/","logo":{"@type":"ImageObject","inLanguage":"fr-FR","@id":"https:\/\/bpc.lu\/fr\/#\/schema\/logo\/image\/","url":"https:\/\/bpc.lu\/wp-content\/uploads\/2016\/04\/BPCLogo_Standard.jpg","contentUrl":"https:\/\/bpc.lu\/wp-content\/uploads\/2016\/04\/BPCLogo_Standard.jpg","width":705,"height":285,"caption":"Business Pilotage Consulting S\u00e0rl"},"image":{"@id":"https:\/\/bpc.lu\/fr\/#\/schema\/logo\/image\/"},"sameAs":["https:\/\/www.linkedin.com\/company\/business-pilotage-consulting-sarl\/"]}]}},"_links":{"self":[{"href":"https:\/\/bpc.lu\/fr\/wp-json\/wp\/v2\/pages\/2512","targetHints":{"allow":["GET"]}}],"collection":[{"href":"https:\/\/bpc.lu\/fr\/wp-json\/wp\/v2\/pages"}],"about":[{"href":"https:\/\/bpc.lu\/fr\/wp-json\/wp\/v2\/types\/page"}],"author":[{"embeddable":true,"href":"https:\/\/bpc.lu\/fr\/wp-json\/wp\/v2\/users\/3"}],"replies":[{"embeddable":true,"href":"https:\/\/bpc.lu\/fr\/wp-json\/wp\/v2\/comments?post=2512"}],"version-history":[{"count":20,"href":"https:\/\/bpc.lu\/fr\/wp-json\/wp\/v2\/pages\/2512\/revisions"}],"predecessor-version":[{"id":2701,"href":"https:\/\/bpc.lu\/fr\/wp-json\/wp\/v2\/pages\/2512\/revisions\/2701"}],"wp:featuredmedia":[{"embeddable":true,"href":"https:\/\/bpc.lu\/fr\/wp-json\/wp\/v2\/media\/2486"}],"wp:attachment":[{"href":"https:\/\/bpc.lu\/fr\/wp-json\/wp\/v2\/media?parent=2512"}],"curies":[{"name":"wp","href":"https:\/\/api.w.org\/{rel}","templated":true}]}}